{"id":20,"date":"2021-02-20T18:06:33","date_gmt":"2021-02-20T17:06:33","guid":{"rendered":"https:\/\/sportlieferanten.de\/wordpress\/?page_id=20"},"modified":"2023-10-20T14:51:10","modified_gmt":"2023-10-20T12:51:10","slug":"kontakt-transport-ladbergen","status":"publish","type":"page","link":"https:\/\/sportlieferanten.de\/wordpress\/kontakt-transport-ladbergen\/","title":{"rendered":"Kontakt"},"content":{"rendered":"\t\t<div data-elementor-type=\"wp-page\" data-elementor-id=\"20\" class=\"elementor elementor-20\" data-elementor-post-type=\"page\">\n\t\t\t\t\t\t<section class=\"elementor-section elementor-top-section elementor-element elementor-element-721ba36 elementor-section-boxed elementor-section-height-default elementor-section-height-default\" data-id=\"721ba36\" data-element_type=\"section\" data-e-type=\"section\">\n\t\t\t\t\t\t<div class=\"elementor-container elementor-column-gap-default\">\n\t\t\t\t\t<div class=\"elementor-column elementor-col-100 elementor-top-column elementor-element elementor-element-b28fade\" data-id=\"b28fade\" data-element_type=\"column\" data-e-type=\"column\">\n\t\t\t<div class=\"elementor-widget-wrap elementor-element-populated\">\n\t\t\t\t\t\t<div class=\"elementor-element elementor-element-f4049c6 elementor-widget elementor-widget-heading\" data-id=\"f4049c6\" data-element_type=\"widget\" data-e-type=\"widget\" data-widget_type=\"heading.default\">\n\t\t\t\t<div class=\"elementor-widget-container\">\n\t\t\t\t\t<span class=\"elementor-heading-title elementor-size-xl\">tranSport - die Sportlieferanten<\/span>\t\t\t\t<\/div>\n\t\t\t\t<\/div>\n\t\t\t\t\t<\/div>\n\t\t<\/div>\n\t\t\t\t\t<\/div>\n\t\t<\/section>\n\t\t\t\t<section class=\"elementor-section elementor-top-section elementor-element elementor-element-4ae2d31 elementor-section-boxed elementor-section-height-default elementor-section-height-default\" data-id=\"4ae2d31\" data-element_type=\"section\" data-e-type=\"section\">\n\t\t\t\t\t\t<div class=\"elementor-container elementor-column-gap-default\">\n\t\t\t\t\t<div class=\"elementor-column elementor-col-100 elementor-top-column elementor-element elementor-element-9a236fb\" data-id=\"9a236fb\" data-element_type=\"column\" data-e-type=\"column\">\n\t\t\t<div class=\"elementor-widget-wrap elementor-element-populated\">\n\t\t\t\t\t\t<div class=\"elementor-element elementor-element-b69ee01 elementor-widget elementor-widget-heading\" data-id=\"b69ee01\" data-element_type=\"widget\" data-e-type=\"widget\" data-widget_type=\"heading.default\">\n\t\t\t\t<div class=\"elementor-widget-container\">\n\t\t\t\t\t<h2 class=\"elementor-heading-title elementor-size-xl\">Unsere \u00d6ffnungszeiten<\/h2>\t\t\t\t<\/div>\n\t\t\t\t<\/div>\n\t\t\t\t\t<\/div>\n\t\t<\/div>\n\t\t\t\t\t<\/div>\n\t\t<\/section>\n\t\t\t\t<section class=\"elementor-section elementor-top-section elementor-element elementor-element-4d089fa elementor-section-boxed elementor-section-height-default elementor-section-height-default\" data-id=\"4d089fa\" data-element_type=\"section\" data-e-type=\"section\">\n\t\t\t\t\t\t<div class=\"elementor-container elementor-column-gap-default\">\n\t\t\t\t\t<div class=\"elementor-column elementor-col-33 elementor-top-column elementor-element elementor-element-a203fbe\" data-id=\"a203fbe\" data-element_type=\"column\" data-e-type=\"column\">\n\t\t\t<div class=\"elementor-widget-wrap elementor-element-populated\">\n\t\t\t\t\t\t<div class=\"elementor-element elementor-element-836f0f3 elementor-view-default elementor-invisible elementor-widget elementor-widget-icon\" data-id=\"836f0f3\" data-element_type=\"widget\" data-e-type=\"widget\" data-settings=\"{&quot;_animation&quot;:&quot;rotateIn&quot;}\" data-widget_type=\"icon.default\">\n\t\t\t\t<div class=\"elementor-widget-container\">\n\t\t\t\t\t\t\t<div class=\"elementor-icon-wrapper\">\n\t\t\t<div class=\"elementor-icon\">\n\t\t\t<i aria-hidden=\"true\" class=\"fas fa-clock\"><\/i>\t\t\t<\/div>\n\t\t<\/div>\n\t\t\t\t\t\t<\/div>\n\t\t\t\t<\/div>\n\t\t\t\t\t<\/div>\n\t\t<\/div>\n\t\t\t\t<div class=\"elementor-column elementor-col-66 elementor-top-column elementor-element elementor-element-bc5d95a\" data-id=\"bc5d95a\" data-element_type=\"column\" data-e-type=\"column\">\n\t\t\t<div class=\"elementor-widget-wrap elementor-element-populated\">\n\t\t\t\t\t\t<div class=\"elementor-element elementor-element-0b22c0d elementor-widget elementor-widget-text-editor\" data-id=\"0b22c0d\" data-element_type=\"widget\" data-e-type=\"widget\" data-widget_type=\"text-editor.default\">\n\t\t\t\t<div class=\"elementor-widget-container\">\n\t\t\t\t\t\t\t\t\t<p><strong>\u00a0<br \/>Unser Studio ist ge\u00f6ffnet, wenn Kurse stattfinden<\/strong><\/p>\t\t\t\t\t\t\t\t<\/div>\n\t\t\t\t<\/div>\n\t\t\t\t\t<\/div>\n\t\t<\/div>\n\t\t\t\t\t<\/div>\n\t\t<\/section>\n\t\t\t\t<section class=\"elementor-section elementor-top-section elementor-element elementor-element-f65b70c elementor-section-boxed elementor-section-height-default elementor-section-height-default\" data-id=\"f65b70c\" data-element_type=\"section\" data-e-type=\"section\">\n\t\t\t\t\t\t<div class=\"elementor-container elementor-column-gap-default\">\n\t\t\t\t\t<div class=\"elementor-column elementor-col-100 elementor-top-column elementor-element elementor-element-415b399\" data-id=\"415b399\" data-element_type=\"column\" data-e-type=\"column\">\n\t\t\t<div class=\"elementor-widget-wrap elementor-element-populated\">\n\t\t\t\t\t\t<div class=\"elementor-element elementor-element-ed991c1 elementor-widget elementor-widget-text-editor\" data-id=\"ed991c1\" data-element_type=\"widget\" data-e-type=\"widget\" data-widget_type=\"text-editor.default\">\n\t\t\t\t<div class=\"elementor-widget-container\">\n\t\t\t\t\t\t\t\t\t<p class=\"text-align-center\"><!--block--><strong>Termine auch nach Vereinbarung.<\/strong><br \/>\u00a00152 296 23 555\u00a0<br \/>andrea@sportlieferanten.de<\/p>\t\t\t\t\t\t\t\t<\/div>\n\t\t\t\t<\/div>\n\t\t\t\t\t<\/div>\n\t\t<\/div>\n\t\t\t\t\t<\/div>\n\t\t<\/section>\n\t\t\t\t<section class=\"elementor-section elementor-top-section elementor-element elementor-element-ff6e6cd elementor-section-boxed elementor-section-height-default elementor-section-height-default\" data-id=\"ff6e6cd\" data-element_type=\"section\" data-e-type=\"section\">\n\t\t\t\t\t\t<div class=\"elementor-container elementor-column-gap-default\">\n\t\t\t\t\t<div class=\"elementor-column elementor-col-100 elementor-top-column elementor-element elementor-element-d351019\" data-id=\"d351019\" data-element_type=\"column\" data-e-type=\"column\">\n\t\t\t<div class=\"elementor-widget-wrap elementor-element-populated\">\n\t\t\t\t\t\t<div class=\"elementor-element elementor-element-4373f85 elementor-align-center elementor-widget elementor-widget-button\" data-id=\"4373f85\" data-element_type=\"widget\" data-e-type=\"widget\" data-settings=\"{&quot;_animation&quot;:&quot;none&quot;}\" data-widget_type=\"button.default\">\n\t\t\t\t<div class=\"elementor-widget-container\">\n\t\t\t\t\t\t\t\t\t<div class=\"elementor-button-wrapper\">\n\t\t\t\t\t<a class=\"elementor-button elementor-button-link elementor-size-lg\" href=\"mailto:andrea@sportlieferanten.de\" target=\"_blank\">\n\t\t\t\t\t\t<span class=\"elementor-button-content-wrapper\">\n\t\t\t\t\t\t<span class=\"elementor-button-icon\">\n\t\t\t\t<i aria-hidden=\"true\" class=\"fas fa-mail-bulk\"><\/i>\t\t\t<\/span>\n\t\t\t\t\t\t\t\t\t<span class=\"elementor-button-text\">Kontaktiere uns per Mail<\/span>\n\t\t\t\t\t<\/span>\n\t\t\t\t\t<\/a>\n\t\t\t\t<\/div>\n\t\t\t\t\t\t\t\t<\/div>\n\t\t\t\t<\/div>\n\t\t\t\t\t<\/div>\n\t\t<\/div>\n\t\t\t\t\t<\/div>\n\t\t<\/section>\n\t\t\t\t<section class=\"elementor-section elementor-top-section elementor-element elementor-element-35881e8 elementor-section-boxed elementor-section-height-default elementor-section-height-default\" data-id=\"35881e8\" data-element_type=\"section\" data-e-type=\"section\">\n\t\t\t\t\t\t<div class=\"elementor-container elementor-column-gap-default\">\n\t\t\t\t\t<div class=\"elementor-column elementor-col-100 elementor-top-column elementor-element elementor-element-90b12bc\" data-id=\"90b12bc\" data-element_type=\"column\" data-e-type=\"column\">\n\t\t\t<div class=\"elementor-widget-wrap elementor-element-populated\">\n\t\t\t\t\t\t<div class=\"elementor-element elementor-element-17e4eb5 elementor-widget elementor-widget-google_maps\" data-id=\"17e4eb5\" data-element_type=\"widget\" data-e-type=\"widget\" data-widget_type=\"google_maps.default\">\n\t\t\t\t<div class=\"elementor-widget-container\">\n\t\t\t\t\t\t\t<div class=\"elementor-custom-embed\">\n\t\t\t<iframe loading=\"lazy\"\n\t\t\t\t\tsrc=\"https:\/\/maps.google.com\/maps?q=Ladbergen%2C%20L%C3%B6nsweg%2031&#038;t=m&#038;z=13&#038;output=embed&#038;iwloc=near\"\n\t\t\t\t\ttitle=\"Ladbergen, L\u00f6nsweg 31\"\n\t\t\t\t\taria-label=\"Ladbergen, L\u00f6nsweg 31\"\n\t\t\t><\/iframe>\n\t\t<\/div>\n\t\t\t\t\t\t<\/div>\n\t\t\t\t<\/div>\n\t\t\t\t\t<\/div>\n\t\t<\/div>\n\t\t\t\t\t<\/div>\n\t\t<\/section>\n\t\t\t\t<section class=\"elementor-section elementor-top-section elementor-element elementor-element-943e66d elementor-section-boxed elementor-section-height-default elementor-section-height-default\" data-id=\"943e66d\" data-element_type=\"section\" data-e-type=\"section\">\n\t\t\t\t\t\t<div class=\"elementor-container elementor-column-gap-default\">\n\t\t\t\t\t<div class=\"elementor-column elementor-col-33 elementor-top-column elementor-element elementor-element-4f6d8dc\" data-id=\"4f6d8dc\" data-element_type=\"column\" data-e-type=\"column\">\n\t\t\t<div class=\"elementor-widget-wrap elementor-element-populated\">\n\t\t\t\t\t\t<div class=\"elementor-element elementor-element-dfef5c8 elementor-widget elementor-widget-heading\" data-id=\"dfef5c8\" data-element_type=\"widget\" data-e-type=\"widget\" data-widget_type=\"heading.default\">\n\t\t\t\t<div class=\"elementor-widget-container\">\n\t\t\t\t\t<h2 class=\"elementor-heading-title elementor-size-large\">Kontakt<\/h2>\t\t\t\t<\/div>\n\t\t\t\t<\/div>\n\t\t\t\t\t<\/div>\n\t\t<\/div>\n\t\t\t\t<div class=\"elementor-column elementor-col-33 elementor-top-column elementor-element elementor-element-4fa8a9e\" data-id=\"4fa8a9e\" data-element_type=\"column\" data-e-type=\"column\">\n\t\t\t<div class=\"elementor-widget-wrap elementor-element-populated\">\n\t\t\t\t\t\t<div class=\"elementor-element elementor-element-a2b7385 elementor-widget elementor-widget-heading\" data-id=\"a2b7385\" data-element_type=\"widget\" data-e-type=\"widget\" data-widget_type=\"heading.default\">\n\t\t\t\t<div class=\"elementor-widget-container\">\n\t\t\t\t\t<h2 class=\"elementor-heading-title elementor-size-large\">Adresse<\/h2>\t\t\t\t<\/div>\n\t\t\t\t<\/div>\n\t\t\t\t\t<\/div>\n\t\t<\/div>\n\t\t\t\t<div class=\"elementor-column elementor-col-33 elementor-top-column elementor-element elementor-element-193537c\" data-id=\"193537c\" data-element_type=\"column\" data-e-type=\"column\">\n\t\t\t<div class=\"elementor-widget-wrap elementor-element-populated\">\n\t\t\t\t\t\t<div class=\"elementor-element elementor-element-886c3f9 elementor-widget elementor-widget-heading\" data-id=\"886c3f9\" data-element_type=\"widget\" data-e-type=\"widget\" data-widget_type=\"heading.default\">\n\t\t\t\t<div class=\"elementor-widget-container\">\n\t\t\t\t\t<h2 class=\"elementor-heading-title elementor-size-large\">Anfahrt<\/h2>\t\t\t\t<\/div>\n\t\t\t\t<\/div>\n\t\t\t\t\t<\/div>\n\t\t<\/div>\n\t\t\t\t\t<\/div>\n\t\t<\/section>\n\t\t\t\t<section class=\"elementor-section elementor-top-section elementor-element elementor-element-e34d4b2 elementor-section-boxed elementor-section-height-default elementor-section-height-default\" data-id=\"e34d4b2\" data-element_type=\"section\" data-e-type=\"section\">\n\t\t\t\t\t\t<div class=\"elementor-container elementor-column-gap-default\">\n\t\t\t\t\t<div class=\"elementor-column elementor-col-33 elementor-top-column elementor-element elementor-element-7660410\" data-id=\"7660410\" data-element_type=\"column\" data-e-type=\"column\">\n\t\t\t<div class=\"elementor-widget-wrap elementor-element-populated\">\n\t\t\t\t\t\t<div class=\"elementor-element elementor-element-e69d3ee elementor-widget elementor-widget-text-editor\" data-id=\"e69d3ee\" data-element_type=\"widget\" data-e-type=\"widget\" data-widget_type=\"text-editor.default\">\n\t\t\t\t<div class=\"elementor-widget-container\">\n\t\t\t\t\t\t\t\t\t<p><strong>Andrea Freise<\/strong><\/p><p><strong>Telefon- \/ Handynummer:<\/strong><strong><br \/><\/strong><strong>0152 296 23 555<\/strong><\/p><p><strong>E-Mail Adresse:<br \/><\/strong><a href=\"mailto:andrea@sportlieferantende.\" target=\"_blank\" rel=\"noopener\"><strong>andrea@sportlieferanten.de<\/strong><\/a><br \/><strong><br \/><\/strong><\/p>\t\t\t\t\t\t\t\t<\/div>\n\t\t\t\t<\/div>\n\t\t\t\t\t<\/div>\n\t\t<\/div>\n\t\t\t\t<div class=\"elementor-column elementor-col-33 elementor-top-column elementor-element elementor-element-2bc44fb\" data-id=\"2bc44fb\" data-element_type=\"column\" data-e-type=\"column\">\n\t\t\t<div class=\"elementor-widget-wrap elementor-element-populated\">\n\t\t\t\t\t\t<div class=\"elementor-element elementor-element-718cebb elementor-widget elementor-widget-text-editor\" data-id=\"718cebb\" data-element_type=\"widget\" data-e-type=\"widget\" data-widget_type=\"text-editor.default\">\n\t\t\t\t<div class=\"elementor-widget-container\">\n\t\t\t\t\t\t\t\t\t<p><strong>Fitness &#8211; und Kursstudio tranSport<br \/><\/strong><strong>49549 Ladbergen<br \/><\/strong><strong>L\u00f6nsweg 31<\/strong><\/p><p><img decoding=\"async\" data-recalc-dims=\"1\" class=\"alignnone size-medium wp-image-66\" src=\"https:\/\/i0.wp.com\/sportlieferanten.de\/wordpress\/wp-content\/uploads\/2021\/02\/logo.jpg?resize=300%2C130&#038;ssl=1\" alt=\"\" width=\"300\" height=\"130\" srcset=\"https:\/\/i0.wp.com\/sportlieferanten.de\/wordpress\/wp-content\/uploads\/2021\/02\/logo.jpg?w=1318&amp;ssl=1 1318w, https:\/\/i0.wp.com\/sportlieferanten.de\/wordpress\/wp-content\/uploads\/2021\/02\/logo.jpg?resize=600%2C260&amp;ssl=1 600w, https:\/\/i0.wp.com\/sportlieferanten.de\/wordpress\/wp-content\/uploads\/2021\/02\/logo.jpg?resize=300%2C130&amp;ssl=1 300w, https:\/\/i0.wp.com\/sportlieferanten.de\/wordpress\/wp-content\/uploads\/2021\/02\/logo.jpg?resize=1024%2C444&amp;ssl=1 1024w, https:\/\/i0.wp.com\/sportlieferanten.de\/wordpress\/wp-content\/uploads\/2021\/02\/logo.jpg?resize=768%2C333&amp;ssl=1 768w\" sizes=\"(max-width: 300px) 100vw, 300px\" \/><\/p>\t\t\t\t\t\t\t\t<\/div>\n\t\t\t\t<\/div>\n\t\t\t\t\t<\/div>\n\t\t<\/div>\n\t\t\t\t<div class=\"elementor-column elementor-col-33 elementor-top-column elementor-element elementor-element-3cec2e9\" data-id=\"3cec2e9\" data-element_type=\"column\" data-e-type=\"column\">\n\t\t\t<div class=\"elementor-widget-wrap elementor-element-populated\">\n\t\t\t\t\t\t<div class=\"elementor-element elementor-element-ff536e5 elementor-widget elementor-widget-text-editor\" data-id=\"ff536e5\" data-element_type=\"widget\" data-e-type=\"widget\" data-widget_type=\"text-editor.default\">\n\t\t\t\t<div class=\"elementor-widget-container\">\n\t\t\t\t\t\t\t\t\t<ol><li><strong>Auf der Lengericher Stra\u00dfe Richtung Goethestra\u00dfe<\/strong><\/li><li><strong>Links abbiegen auf die G\u00f6thestra\u00dfe (90 m)<\/strong><\/li><li><strong>Rechts abbiegen auf die Reuterstra\u00dfe (60 m)<\/strong><\/li><li><strong>Nach Links abbiegen, um auf der Reuterstra\u00dfe zu bleiben (190 m)<\/strong><\/li><li><strong>weiter auf dem L\u00f6nsweg (350 m)<\/strong><\/li><li><strong>Unser Studio befindet sich auf der linken Seite<\/strong><\/li><\/ol>\t\t\t\t\t\t\t\t<\/div>\n\t\t\t\t<\/div>\n\t\t\t\t\t<\/div>\n\t\t<\/div>\n\t\t\t\t\t<\/div>\n\t\t<\/section>\n\t\t\t\t<\/div>\n\t\t","protected":false},"excerpt":{"rendered":"<p>tranSport &#8211; die Sportlieferanten Unsere \u00d6ffnungszeiten \u00a0Unser Studio ist ge\u00f6ffnet, wenn Kurse stattfinden Termine auch nach Vereinbarung.\u00a00152 296 23 555\u00a0andrea@sportlieferanten.de Kontaktiere uns per Mail Kontakt Adresse Anfahrt Andrea Freise Telefon- \/ Handynummer:0152 296 23 555 E-Mail Adresse:andrea@sportlieferanten.de Fitness &#8211; und Kursstudio tranSport49549 LadbergenL\u00f6nsweg 31 Auf der Lengericher Stra\u00dfe Richtung Goethestra\u00dfe Links abbiegen auf die G\u00f6thestra\u00dfe [&hellip;]<\/p>\n","protected":false},"author":1,"featured_media":0,"parent":0,"menu_order":0,"comment_status":"closed","ping_status":"closed","template":"","meta":{"footnotes":""},"class_list":["post-20","page","type-page","status-publish","hentry"],"blocksy_meta":[],"yoast_head":"<!-- This site is optimized with the Yoast SEO plugin v27.3 - https:\/\/yoast.com\/product\/yoast-seo-wordpress\/ -->\n<title>Kontakt - die Sportlieferanten<\/title>\n<meta name=\"description\" content=\"Willkommen auf der Kontaktseite von deinem Kurs- und Fitnessstudio in Ladbergen. Kontaktiere uns gerne bei Fragen. Wir helfen gerne!\" \/>\n<meta name=\"robots\" content=\"index, follow, max-snippet:-1, max-image-preview:large, max-video-preview:-1\" \/>\n<link rel=\"canonical\" href=\"https:\/\/sportlieferanten.de\/wordpress\/kontakt-transport-ladbergen\/\" \/>\n<meta property=\"og:locale\" content=\"de_DE\" \/>\n<meta property=\"og:type\" content=\"article\" \/>\n<meta property=\"og:title\" content=\"Kontakt - die Sportlieferanten\" \/>\n<meta property=\"og:description\" content=\"Willkommen auf der Kontaktseite von deinem Kurs- und Fitnessstudio in Ladbergen. Kontaktiere uns gerne bei Fragen. Wir helfen gerne!\" \/>\n<meta property=\"og:url\" content=\"https:\/\/sportlieferanten.de\/wordpress\/kontakt-transport-ladbergen\/\" \/>\n<meta property=\"og:site_name\" content=\"die Sportlieferanten\" \/>\n<meta property=\"article:modified_time\" content=\"2023-10-20T12:51:10+00:00\" \/>\n<meta property=\"og:image\" content=\"https:\/\/sportlieferanten.de\/wordpress\/wp-content\/uploads\/2021\/02\/logo-300x130.jpg\" \/>\n<meta name=\"twitter:card\" content=\"summary_large_image\" \/>\n<meta name=\"twitter:label1\" content=\"Gesch\u00e4tzte Lesezeit\" \/>\n\t<meta name=\"twitter:data1\" content=\"1\u00a0Minute\" \/>\n<script type=\"application\/ld+json\" class=\"yoast-schema-graph\">{\"@context\":\"https:\\\/\\\/schema.org\",\"@graph\":[{\"@type\":[\"WebPage\",\"ContactPage\"],\"@id\":\"https:\\\/\\\/sportlieferanten.de\\\/wordpress\\\/kontakt-transport-ladbergen\\\/\",\"url\":\"https:\\\/\\\/sportlieferanten.de\\\/wordpress\\\/kontakt-transport-ladbergen\\\/\",\"name\":\"Kontakt - die Sportlieferanten\",\"isPartOf\":{\"@id\":\"https:\\\/\\\/sportlieferanten.de\\\/wordpress\\\/#website\"},\"primaryImageOfPage\":{\"@id\":\"https:\\\/\\\/sportlieferanten.de\\\/wordpress\\\/kontakt-transport-ladbergen\\\/#primaryimage\"},\"image\":{\"@id\":\"https:\\\/\\\/sportlieferanten.de\\\/wordpress\\\/kontakt-transport-ladbergen\\\/#primaryimage\"},\"thumbnailUrl\":\"https:\\\/\\\/sportlieferanten.de\\\/wordpress\\\/wp-content\\\/uploads\\\/2021\\\/02\\\/logo-300x130.jpg\",\"datePublished\":\"2021-02-20T17:06:33+00:00\",\"dateModified\":\"2023-10-20T12:51:10+00:00\",\"description\":\"Willkommen auf der Kontaktseite von deinem Kurs- und Fitnessstudio in Ladbergen. Kontaktiere uns gerne bei Fragen. Wir helfen gerne!\",\"breadcrumb\":{\"@id\":\"https:\\\/\\\/sportlieferanten.de\\\/wordpress\\\/kontakt-transport-ladbergen\\\/#breadcrumb\"},\"inLanguage\":\"de\",\"potentialAction\":[{\"@type\":\"ReadAction\",\"target\":[\"https:\\\/\\\/sportlieferanten.de\\\/wordpress\\\/kontakt-transport-ladbergen\\\/\"]}]},{\"@type\":\"ImageObject\",\"inLanguage\":\"de\",\"@id\":\"https:\\\/\\\/sportlieferanten.de\\\/wordpress\\\/kontakt-transport-ladbergen\\\/#primaryimage\",\"url\":\"https:\\\/\\\/i0.wp.com\\\/sportlieferanten.de\\\/wordpress\\\/wp-content\\\/uploads\\\/2021\\\/02\\\/logo.jpg?fit=1318%2C572&ssl=1\",\"contentUrl\":\"https:\\\/\\\/i0.wp.com\\\/sportlieferanten.de\\\/wordpress\\\/wp-content\\\/uploads\\\/2021\\\/02\\\/logo.jpg?fit=1318%2C572&ssl=1\",\"width\":1318,\"height\":572},{\"@type\":\"BreadcrumbList\",\"@id\":\"https:\\\/\\\/sportlieferanten.de\\\/wordpress\\\/kontakt-transport-ladbergen\\\/#breadcrumb\",\"itemListElement\":[{\"@type\":\"ListItem\",\"position\":1,\"name\":\"Startseite\",\"item\":\"https:\\\/\\\/sportlieferanten.de\\\/wordpress\\\/\"},{\"@type\":\"ListItem\",\"position\":2,\"name\":\"Kontakt\"}]},{\"@type\":\"WebSite\",\"@id\":\"https:\\\/\\\/sportlieferanten.de\\\/wordpress\\\/#website\",\"url\":\"https:\\\/\\\/sportlieferanten.de\\\/wordpress\\\/\",\"name\":\"die Sportlieferanten\",\"description\":\"Sport Fitness Kurse Reha\",\"publisher\":{\"@id\":\"https:\\\/\\\/sportlieferanten.de\\\/wordpress\\\/#organization\"},\"potentialAction\":[{\"@type\":\"SearchAction\",\"target\":{\"@type\":\"EntryPoint\",\"urlTemplate\":\"https:\\\/\\\/sportlieferanten.de\\\/wordpress\\\/?s={search_term_string}\"},\"query-input\":{\"@type\":\"PropertyValueSpecification\",\"valueRequired\":true,\"valueName\":\"search_term_string\"}}],\"inLanguage\":\"de\"},{\"@type\":\"Organization\",\"@id\":\"https:\\\/\\\/sportlieferanten.de\\\/wordpress\\\/#organization\",\"name\":\"Kurs- und Fitnessstudio tranSport Ladbergen\",\"url\":\"https:\\\/\\\/sportlieferanten.de\\\/wordpress\\\/\",\"logo\":{\"@type\":\"ImageObject\",\"inLanguage\":\"de\",\"@id\":\"https:\\\/\\\/sportlieferanten.de\\\/wordpress\\\/#\\\/schema\\\/logo\\\/image\\\/\",\"url\":\"https:\\\/\\\/i0.wp.com\\\/sportlieferanten.de\\\/wordpress\\\/wp-content\\\/uploads\\\/2021\\\/02\\\/cropped-logoschwarz-4.jpg?fit=590%2C248&ssl=1\",\"contentUrl\":\"https:\\\/\\\/i0.wp.com\\\/sportlieferanten.de\\\/wordpress\\\/wp-content\\\/uploads\\\/2021\\\/02\\\/cropped-logoschwarz-4.jpg?fit=590%2C248&ssl=1\",\"width\":590,\"height\":248,\"caption\":\"Kurs- und Fitnessstudio tranSport Ladbergen\"},\"image\":{\"@id\":\"https:\\\/\\\/sportlieferanten.de\\\/wordpress\\\/#\\\/schema\\\/logo\\\/image\\\/\"}}]}<\/script>\n<!-- \/ Yoast SEO plugin. -->","yoast_head_json":{"title":"Kontakt - die Sportlieferanten","description":"Willkommen auf der Kontaktseite von deinem Kurs- und Fitnessstudio in Ladbergen. Kontaktiere uns gerne bei Fragen. Wir helfen gerne!","robots":{"index":"index","follow":"follow","max-snippet":"max-snippet:-1","max-image-preview":"max-image-preview:large","max-video-preview":"max-video-preview:-1"},"canonical":"https:\/\/sportlieferanten.de\/wordpress\/kontakt-transport-ladbergen\/","og_locale":"de_DE","og_type":"article","og_title":"Kontakt - die Sportlieferanten","og_description":"Willkommen auf der Kontaktseite von deinem Kurs- und Fitnessstudio in Ladbergen. Kontaktiere uns gerne bei Fragen. Wir helfen gerne!","og_url":"https:\/\/sportlieferanten.de\/wordpress\/kontakt-transport-ladbergen\/","og_site_name":"die Sportlieferanten","article_modified_time":"2023-10-20T12:51:10+00:00","og_image":[{"url":"https:\/\/sportlieferanten.de\/wordpress\/wp-content\/uploads\/2021\/02\/logo-300x130.jpg","type":"","width":"","height":""}],"twitter_card":"summary_large_image","twitter_misc":{"Gesch\u00e4tzte Lesezeit":"1\u00a0Minute"},"schema":{"@context":"https:\/\/schema.org","@graph":[{"@type":["WebPage","ContactPage"],"@id":"https:\/\/sportlieferanten.de\/wordpress\/kontakt-transport-ladbergen\/","url":"https:\/\/sportlieferanten.de\/wordpress\/kontakt-transport-ladbergen\/","name":"Kontakt - die Sportlieferanten","isPartOf":{"@id":"https:\/\/sportlieferanten.de\/wordpress\/#website"},"primaryImageOfPage":{"@id":"https:\/\/sportlieferanten.de\/wordpress\/kontakt-transport-ladbergen\/#primaryimage"},"image":{"@id":"https:\/\/sportlieferanten.de\/wordpress\/kontakt-transport-ladbergen\/#primaryimage"},"thumbnailUrl":"https:\/\/sportlieferanten.de\/wordpress\/wp-content\/uploads\/2021\/02\/logo-300x130.jpg","datePublished":"2021-02-20T17:06:33+00:00","dateModified":"2023-10-20T12:51:10+00:00","description":"Willkommen auf der Kontaktseite von deinem Kurs- und Fitnessstudio in Ladbergen. Kontaktiere uns gerne bei Fragen. Wir helfen gerne!","breadcrumb":{"@id":"https:\/\/sportlieferanten.de\/wordpress\/kontakt-transport-ladbergen\/#breadcrumb"},"inLanguage":"de","potentialAction":[{"@type":"ReadAction","target":["https:\/\/sportlieferanten.de\/wordpress\/kontakt-transport-ladbergen\/"]}]},{"@type":"ImageObject","inLanguage":"de","@id":"https:\/\/sportlieferanten.de\/wordpress\/kontakt-transport-ladbergen\/#primaryimage","url":"https:\/\/i0.wp.com\/sportlieferanten.de\/wordpress\/wp-content\/uploads\/2021\/02\/logo.jpg?fit=1318%2C572&ssl=1","contentUrl":"https:\/\/i0.wp.com\/sportlieferanten.de\/wordpress\/wp-content\/uploads\/2021\/02\/logo.jpg?fit=1318%2C572&ssl=1","width":1318,"height":572},{"@type":"BreadcrumbList","@id":"https:\/\/sportlieferanten.de\/wordpress\/kontakt-transport-ladbergen\/#breadcrumb","itemListElement":[{"@type":"ListItem","position":1,"name":"Startseite","item":"https:\/\/sportlieferanten.de\/wordpress\/"},{"@type":"ListItem","position":2,"name":"Kontakt"}]},{"@type":"WebSite","@id":"https:\/\/sportlieferanten.de\/wordpress\/#website","url":"https:\/\/sportlieferanten.de\/wordpress\/","name":"die Sportlieferanten","description":"Sport Fitness Kurse Reha","publisher":{"@id":"https:\/\/sportlieferanten.de\/wordpress\/#organization"},"potentialAction":[{"@type":"SearchAction","target":{"@type":"EntryPoint","urlTemplate":"https:\/\/sportlieferanten.de\/wordpress\/?s={search_term_string}"},"query-input":{"@type":"PropertyValueSpecification","valueRequired":true,"valueName":"search_term_string"}}],"inLanguage":"de"},{"@type":"Organization","@id":"https:\/\/sportlieferanten.de\/wordpress\/#organization","name":"Kurs- und Fitnessstudio tranSport Ladbergen","url":"https:\/\/sportlieferanten.de\/wordpress\/","logo":{"@type":"ImageObject","inLanguage":"de","@id":"https:\/\/sportlieferanten.de\/wordpress\/#\/schema\/logo\/image\/","url":"https:\/\/i0.wp.com\/sportlieferanten.de\/wordpress\/wp-content\/uploads\/2021\/02\/cropped-logoschwarz-4.jpg?fit=590%2C248&ssl=1","contentUrl":"https:\/\/i0.wp.com\/sportlieferanten.de\/wordpress\/wp-content\/uploads\/2021\/02\/cropped-logoschwarz-4.jpg?fit=590%2C248&ssl=1","width":590,"height":248,"caption":"Kurs- und Fitnessstudio tranSport Ladbergen"},"image":{"@id":"https:\/\/sportlieferanten.de\/wordpress\/#\/schema\/logo\/image\/"}}]}},"_links":{"self":[{"href":"https:\/\/sportlieferanten.de\/wordpress\/wp-json\/wp\/v2\/pages\/20","targetHints":{"allow":["GET"]}}],"collection":[{"href":"https:\/\/sportlieferanten.de\/wordpress\/wp-json\/wp\/v2\/pages"}],"about":[{"href":"https:\/\/sportlieferanten.de\/wordpress\/wp-json\/wp\/v2\/types\/page"}],"author":[{"embeddable":true,"href":"https:\/\/sportlieferanten.de\/wordpress\/wp-json\/wp\/v2\/users\/1"}],"replies":[{"embeddable":true,"href":"https:\/\/sportlieferanten.de\/wordpress\/wp-json\/wp\/v2\/comments?post=20"}],"version-history":[{"count":127,"href":"https:\/\/sportlieferanten.de\/wordpress\/wp-json\/wp\/v2\/pages\/20\/revisions"}],"predecessor-version":[{"id":4073,"href":"https:\/\/sportlieferanten.de\/wordpress\/wp-json\/wp\/v2\/pages\/20\/revisions\/4073"}],"wp:attachment":[{"href":"https:\/\/sportlieferanten.de\/wordpress\/wp-json\/wp\/v2\/media?parent=20"}],"curies":[{"name":"wp","href":"https:\/\/api.w.org\/{rel}","templated":true}]}}