{"id":205,"date":"2021-02-24T20:21:48","date_gmt":"2021-02-24T19:21:48","guid":{"rendered":"https:\/\/sportlieferanten.de\/wordpress\/?page_id=205"},"modified":"2026-03-21T16:59:09","modified_gmt":"2026-03-21T15:59:09","slug":"dein-studio","status":"publish","type":"page","link":"https:\/\/sportlieferanten.de\/wordpress\/dein-studio\/","title":{"rendered":"Studio"},"content":{"rendered":"\t\t<div data-elementor-type=\"wp-page\" data-elementor-id=\"205\" class=\"elementor elementor-205\" data-elementor-post-type=\"page\">\n\t\t\t\t\t\t<section class=\"elementor-section elementor-top-section elementor-element elementor-element-83b072f elementor-section-boxed elementor-section-height-default elementor-section-height-default\" data-id=\"83b072f\" data-element_type=\"section\" data-e-type=\"section\">\n\t\t\t\t\t\t<div class=\"elementor-container elementor-column-gap-default\">\n\t\t\t\t\t<div class=\"elementor-column elementor-col-100 elementor-top-column elementor-element elementor-element-291d7a3\" data-id=\"291d7a3\" data-element_type=\"column\" data-e-type=\"column\">\n\t\t\t<div class=\"elementor-widget-wrap elementor-element-populated\">\n\t\t\t\t\t\t<div class=\"elementor-element elementor-element-05212d7 elementor-widget elementor-widget-image\" data-id=\"05212d7\" data-element_type=\"widget\" data-e-type=\"widget\" data-widget_type=\"image.default\">\n\t\t\t\t<div class=\"elementor-widget-container\">\n\t\t\t\t\t\t\t\t\t\t\t\t\t\t\t<img fetchpriority=\"high\" decoding=\"async\" width=\"1024\" height=\"360\" src=\"https:\/\/i0.wp.com\/sportlieferanten.de\/wordpress\/wp-content\/uploads\/2021\/09\/Front_neu-scaled.jpg?fit=1024%2C360&amp;ssl=1\" class=\"attachment-large size-large wp-image-2847\" alt=\"Studio\" srcset=\"https:\/\/i0.wp.com\/sportlieferanten.de\/wordpress\/wp-content\/uploads\/2021\/09\/Front_neu-scaled.jpg?w=2560&amp;ssl=1 2560w, https:\/\/i0.wp.com\/sportlieferanten.de\/wordpress\/wp-content\/uploads\/2021\/09\/Front_neu-scaled.jpg?resize=300%2C106&amp;ssl=1 300w, https:\/\/i0.wp.com\/sportlieferanten.de\/wordpress\/wp-content\/uploads\/2021\/09\/Front_neu-scaled.jpg?resize=1024%2C360&amp;ssl=1 1024w, https:\/\/i0.wp.com\/sportlieferanten.de\/wordpress\/wp-content\/uploads\/2021\/09\/Front_neu-scaled.jpg?resize=768%2C270&amp;ssl=1 768w, https:\/\/i0.wp.com\/sportlieferanten.de\/wordpress\/wp-content\/uploads\/2021\/09\/Front_neu-scaled.jpg?resize=1536%2C541&amp;ssl=1 1536w, https:\/\/i0.wp.com\/sportlieferanten.de\/wordpress\/wp-content\/uploads\/2021\/09\/Front_neu-scaled.jpg?resize=2048%2C721&amp;ssl=1 2048w, https:\/\/i0.wp.com\/sportlieferanten.de\/wordpress\/wp-content\/uploads\/2021\/09\/Front_neu-scaled.jpg?resize=1320%2C465&amp;ssl=1 1320w, https:\/\/i0.wp.com\/sportlieferanten.de\/wordpress\/wp-content\/uploads\/2021\/09\/Front_neu-scaled.jpg?resize=600%2C211&amp;ssl=1 600w\" sizes=\"(max-width: 1024px) 100vw, 1024px\" \/>\t\t\t\t\t\t\t\t\t\t\t\t\t\t\t<\/div>\n\t\t\t\t<\/div>\n\t\t\t\t\t<\/div>\n\t\t<\/div>\n\t\t\t\t\t<\/div>\n\t\t<\/section>\n\t\t\t\t<section class=\"elementor-section elementor-top-section elementor-element elementor-element-013c2a9 elementor-section-boxed elementor-section-height-default elementor-section-height-default\" data-id=\"013c2a9\" data-element_type=\"section\" data-e-type=\"section\">\n\t\t\t\t\t\t<div class=\"elementor-container elementor-column-gap-default\">\n\t\t\t\t\t<div class=\"elementor-column elementor-col-100 elementor-top-column elementor-element elementor-element-7a95a31\" data-id=\"7a95a31\" data-element_type=\"column\" data-e-type=\"column\">\n\t\t\t<div class=\"elementor-widget-wrap elementor-element-populated\">\n\t\t\t\t\t\t<div class=\"elementor-element elementor-element-f2138cf elementor-widget elementor-widget-text-editor\" data-id=\"f2138cf\" data-element_type=\"widget\" data-e-type=\"widget\" data-widget_type=\"text-editor.default\">\n\t\t\t\t<div class=\"elementor-widget-container\">\n\t\t\t\t\t\t\t\t\t<p>Das Kurs- und Fitnessstudio \u201e<strong>tranSport<\/strong>\u201c liegt in Ladbergen unmittelbar an der A1 und ist somit auf vielen Wegen gut erreichbar. Wir verstehen uns nicht als &#8222;klassisches Fitnessstudio&#8220;, da uns der Kontakt zu unseren Mitgliedern \u00e4u\u00dferst wichtig ist. Der Gro\u00dfteil des Sportangebotes findet in <a href=\"https:\/\/sportlieferanten.de\/wordpress\/kursplan-transport\/\">Kursen<\/a> statt und der Spa\u00df am Sport wird bei uns gro\u00dfgeschrieben. Unser Equipment ist immer auf dem neusten Stand, so stehen dir f\u00fcr das Indoor-Cycling die neuen IC-7 Bikes von Life-Fitness zu Verf\u00fcgung und die neusten Original Bellicon Trampoline . Doch auch das klassische Training mit freien Hanteln m\u00f6chten wir dir nicht vorenthalten. An unserer Cross-Box kannst du dich alleine oder in einem der <a href=\"https:\/\/sportlieferanten.de\/wordpress\/transport-kursangebot\/\">Cross-Box-Kurse<\/a> austoben und deine k\u00f6rperlichen Grenzen finden und dar\u00fcber hinaus wachsen.&nbsp;<\/p>\t\t\t\t\t\t\t\t<\/div>\n\t\t\t\t<\/div>\n\t\t\t\t\t<\/div>\n\t\t<\/div>\n\t\t\t\t\t<\/div>\n\t\t<\/section>\n\t\t\t\t<section class=\"elementor-section elementor-top-section elementor-element elementor-element-3d9f29c elementor-section-boxed elementor-section-height-default elementor-section-height-default\" data-id=\"3d9f29c\" data-element_type=\"section\" data-e-type=\"section\">\n\t\t\t\t\t\t<div class=\"elementor-container elementor-column-gap-default\">\n\t\t\t\t\t<div class=\"elementor-column elementor-col-100 elementor-top-column elementor-element elementor-element-2d3c844\" data-id=\"2d3c844\" data-element_type=\"column\" data-e-type=\"column\">\n\t\t\t<div class=\"elementor-widget-wrap elementor-element-populated\">\n\t\t\t\t\t\t<div class=\"elementor-element elementor-element-d5b1f49 elementor-arrows-position-inside elementor-pagination-position-outside elementor-widget elementor-widget-image-carousel\" data-id=\"d5b1f49\" data-element_type=\"widget\" data-e-type=\"widget\" data-settings=\"{&quot;autoplay_speed&quot;:6000,&quot;motion_fx_motion_fx_scrolling&quot;:&quot;yes&quot;,&quot;motion_fx_translateY_effect&quot;:&quot;yes&quot;,&quot;navigation&quot;:&quot;both&quot;,&quot;autoplay&quot;:&quot;yes&quot;,&quot;pause_on_hover&quot;:&quot;yes&quot;,&quot;pause_on_interaction&quot;:&quot;yes&quot;,&quot;infinite&quot;:&quot;yes&quot;,&quot;speed&quot;:500,&quot;motion_fx_translateY_speed&quot;:{&quot;unit&quot;:&quot;px&quot;,&quot;size&quot;:4,&quot;sizes&quot;:[]},&quot;motion_fx_translateY_affectedRange&quot;:{&quot;unit&quot;:&quot;%&quot;,&quot;size&quot;:&quot;&quot;,&quot;sizes&quot;:{&quot;start&quot;:0,&quot;end&quot;:100}},&quot;motion_fx_devices&quot;:[&quot;desktop&quot;,&quot;tablet&quot;,&quot;mobile&quot;]}\" data-widget_type=\"image-carousel.default\">\n\t\t\t\t<div class=\"elementor-widget-container\">\n\t\t\t\t\t\t\t<div class=\"elementor-image-carousel-wrapper swiper\" role=\"region\" aria-roledescription=\"carousel\" aria-label=\"Bild Karussell\" dir=\"ltr\">\n\t\t\t<div class=\"elementor-image-carousel swiper-wrapper\" aria-live=\"off\">\n\t\t\t\t\t\t\t\t<div class=\"swiper-slide\" role=\"group\" aria-roledescription=\"slide\" aria-label=\"1 von 4\"><figure class=\"swiper-slide-inner\"><img decoding=\"async\" class=\"swiper-slide-image\" src=\"https:\/\/i0.wp.com\/sportlieferanten.de\/wordpress\/wp-content\/uploads\/2021\/03\/studio-1.jpg?fit=300%2C225&amp;ssl=1\" alt=\"studio-1\" \/><\/figure><\/div><div class=\"swiper-slide\" role=\"group\" aria-roledescription=\"slide\" aria-label=\"2 von 4\"><figure class=\"swiper-slide-inner\"><img decoding=\"async\" class=\"swiper-slide-image\" src=\"https:\/\/i0.wp.com\/sportlieferanten.de\/wordpress\/wp-content\/uploads\/2021\/03\/studio-7.jpg?fit=300%2C225&amp;ssl=1\" alt=\"studio-7\" \/><\/figure><\/div><div class=\"swiper-slide\" role=\"group\" aria-roledescription=\"slide\" aria-label=\"3 von 4\"><figure class=\"swiper-slide-inner\"><img decoding=\"async\" class=\"swiper-slide-image\" src=\"https:\/\/i0.wp.com\/sportlieferanten.de\/wordpress\/wp-content\/uploads\/2021\/03\/Screenshot_2021-03-10-Kursplan-Angebote-tranSport1.png?fit=300%2C300&amp;ssl=1\" alt=\"Screenshot_2021-03-10 Kursplan Angebote tranSport(1)\" \/><\/figure><\/div><div class=\"swiper-slide\" role=\"group\" aria-roledescription=\"slide\" aria-label=\"4 von 4\"><figure class=\"swiper-slide-inner\"><img decoding=\"async\" class=\"swiper-slide-image\" src=\"https:\/\/i0.wp.com\/sportlieferanten.de\/wordpress\/wp-content\/uploads\/2021\/04\/DSC00028-scaled.jpg?fit=300%2C200&amp;ssl=1\" alt=\"DSC00028\" \/><\/figure><\/div>\t\t\t<\/div>\n\t\t\t\t\t\t\t\t\t\t\t\t<div class=\"elementor-swiper-button elementor-swiper-button-prev\" role=\"button\" tabindex=\"0\">\n\t\t\t\t\t\t<i aria-hidden=\"true\" class=\"eicon-chevron-left\"><\/i>\t\t\t\t\t<\/div>\n\t\t\t\t\t<div class=\"elementor-swiper-button elementor-swiper-button-next\" role=\"button\" tabindex=\"0\">\n\t\t\t\t\t\t<i aria-hidden=\"true\" class=\"eicon-chevron-right\"><\/i>\t\t\t\t\t<\/div>\n\t\t\t\t\n\t\t\t\t\t\t\t\t\t<div class=\"swiper-pagination\"><\/div>\n\t\t\t\t\t\t\t\t\t<\/div>\n\t\t\t\t\t\t<\/div>\n\t\t\t\t<\/div>\n\t\t\t\t\t<\/div>\n\t\t<\/div>\n\t\t\t\t\t<\/div>\n\t\t<\/section>\n\t\t\t\t<section class=\"elementor-section elementor-top-section elementor-element elementor-element-311b0a5 elementor-section-boxed elementor-section-height-default elementor-section-height-default\" data-id=\"311b0a5\" data-element_type=\"section\" data-e-type=\"section\">\n\t\t\t\t\t\t<div class=\"elementor-container elementor-column-gap-default\">\n\t\t\t\t\t<div class=\"elementor-column elementor-col-100 elementor-top-column elementor-element elementor-element-8dcf46b\" data-id=\"8dcf46b\" data-element_type=\"column\" data-e-type=\"column\">\n\t\t\t<div class=\"elementor-widget-wrap\">\n\t\t\t\t\t\t\t<\/div>\n\t\t<\/div>\n\t\t\t\t\t<\/div>\n\t\t<\/section>\n\t\t\t\t<section class=\"elementor-section elementor-top-section elementor-element elementor-element-2a1f9d8 elementor-section-boxed elementor-section-height-default elementor-section-height-default\" data-id=\"2a1f9d8\" data-element_type=\"section\" data-e-type=\"section\">\n\t\t\t\t\t\t<div class=\"elementor-container elementor-column-gap-default\">\n\t\t\t\t\t<div class=\"elementor-column elementor-col-100 elementor-top-column elementor-element elementor-element-d223b7f\" data-id=\"d223b7f\" data-element_type=\"column\" data-e-type=\"column\">\n\t\t\t<div class=\"elementor-widget-wrap elementor-element-populated\">\n\t\t\t\t\t\t<div class=\"elementor-element elementor-element-5579fc2 elementor-widget elementor-widget-google_maps\" data-id=\"5579fc2\" data-element_type=\"widget\" data-e-type=\"widget\" data-widget_type=\"google_maps.default\">\n\t\t\t\t<div class=\"elementor-widget-container\">\n\t\t\t\t\t\t\t<div class=\"elementor-custom-embed\">\n\t\t\t<iframe loading=\"lazy\"\n\t\t\t\t\tsrc=\"https:\/\/maps.google.com\/maps?q=L%C3%B6nsweg%2031%2C%2049549%20Ladbergen&#038;t=m&#038;z=8&#038;output=embed&#038;iwloc=near\"\n\t\t\t\t\ttitle=\"L\u00f6nsweg 31, 49549 Ladbergen\"\n\t\t\t\t\taria-label=\"L\u00f6nsweg 31, 49549 Ladbergen\"\n\t\t\t><\/iframe>\n\t\t<\/div>\n\t\t\t\t\t\t<\/div>\n\t\t\t\t<\/div>\n\t\t\t\t\t<\/div>\n\t\t<\/div>\n\t\t\t\t\t<\/div>\n\t\t<\/section>\n\t\t\t\t<\/div>\n\t\t","protected":false},"excerpt":{"rendered":"<p>Das Kurs- und Fitnessstudio \u201etranSport\u201c liegt in Ladbergen unmittelbar an der A1 und ist somit auf vielen Wegen gut erreichbar. Wir verstehen uns nicht als &#8222;klassisches Fitnessstudio&#8220;, da uns der Kontakt zu unseren Mitgliedern \u00e4u\u00dferst wichtig ist. Der Gro\u00dfteil des Sportangebotes findet in Kursen statt und der Spa\u00df am Sport wird bei uns gro\u00dfgeschrieben. Unser [&hellip;]<\/p>\n","protected":false},"author":1,"featured_media":0,"parent":0,"menu_order":0,"comment_status":"closed","ping_status":"closed","template":"","meta":{"footnotes":""},"class_list":["post-205","page","type-page","status-publish","hentry"],"blocksy_meta":[],"yoast_head":"<!-- This site is optimized with the Yoast SEO plugin v27.3 - https:\/\/yoast.com\/product\/yoast-seo-wordpress\/ -->\n<title>die Sportlieferanten Studio -<\/title>\n<meta name=\"description\" content=\"Willkommen bei tranSport in Ladbergen. Wir haben ein breites Angebot an Kursen und sind immer f\u00fcr Euch da. Auch Reha-Sport bieten wir an.\" \/>\n<meta name=\"robots\" content=\"index, follow, max-snippet:-1, max-image-preview:large, max-video-preview:-1\" \/>\n<link rel=\"canonical\" href=\"https:\/\/sportlieferanten.de\/wordpress\/dein-studio\/\" \/>\n<meta property=\"og:locale\" content=\"de_DE\" \/>\n<meta property=\"og:type\" content=\"article\" \/>\n<meta property=\"og:title\" content=\"die Sportlieferanten Studio -\" \/>\n<meta property=\"og:description\" content=\"Willkommen bei tranSport in Ladbergen. Wir haben ein breites Angebot an Kursen und sind immer f\u00fcr Euch da. Auch Reha-Sport bieten wir an.\" \/>\n<meta property=\"og:url\" content=\"https:\/\/sportlieferanten.de\/wordpress\/dein-studio\/\" \/>\n<meta property=\"og:site_name\" content=\"die Sportlieferanten\" \/>\n<meta property=\"article:modified_time\" content=\"2026-03-21T15:59:09+00:00\" \/>\n<meta property=\"og:image\" content=\"https:\/\/sportlieferanten.de\/wordpress\/wp-content\/uploads\/2021\/09\/Front_neu-1024x360.jpg\" \/>\n<meta name=\"twitter:card\" content=\"summary_large_image\" \/>\n<meta name=\"twitter:label1\" content=\"Gesch\u00e4tzte Lesezeit\" \/>\n\t<meta name=\"twitter:data1\" content=\"3\u00a0Minuten\" \/>\n<script type=\"application\/ld+json\" class=\"yoast-schema-graph\">{\"@context\":\"https:\\\/\\\/schema.org\",\"@graph\":[{\"@type\":\"WebPage\",\"@id\":\"https:\\\/\\\/sportlieferanten.de\\\/wordpress\\\/dein-studio\\\/\",\"url\":\"https:\\\/\\\/sportlieferanten.de\\\/wordpress\\\/dein-studio\\\/\",\"name\":\"die Sportlieferanten Studio -\",\"isPartOf\":{\"@id\":\"https:\\\/\\\/sportlieferanten.de\\\/wordpress\\\/#website\"},\"primaryImageOfPage\":{\"@id\":\"https:\\\/\\\/sportlieferanten.de\\\/wordpress\\\/dein-studio\\\/#primaryimage\"},\"image\":{\"@id\":\"https:\\\/\\\/sportlieferanten.de\\\/wordpress\\\/dein-studio\\\/#primaryimage\"},\"thumbnailUrl\":\"https:\\\/\\\/sportlieferanten.de\\\/wordpress\\\/wp-content\\\/uploads\\\/2021\\\/09\\\/Front_neu-1024x360.jpg\",\"datePublished\":\"2021-02-24T19:21:48+00:00\",\"dateModified\":\"2026-03-21T15:59:09+00:00\",\"description\":\"Willkommen bei tranSport in Ladbergen. Wir haben ein breites Angebot an Kursen und sind immer f\u00fcr Euch da. Auch Reha-Sport bieten wir an.\",\"breadcrumb\":{\"@id\":\"https:\\\/\\\/sportlieferanten.de\\\/wordpress\\\/dein-studio\\\/#breadcrumb\"},\"inLanguage\":\"de\",\"potentialAction\":[{\"@type\":\"ReadAction\",\"target\":[\"https:\\\/\\\/sportlieferanten.de\\\/wordpress\\\/dein-studio\\\/\"]}]},{\"@type\":\"ImageObject\",\"inLanguage\":\"de\",\"@id\":\"https:\\\/\\\/sportlieferanten.de\\\/wordpress\\\/dein-studio\\\/#primaryimage\",\"url\":\"https:\\\/\\\/i0.wp.com\\\/sportlieferanten.de\\\/wordpress\\\/wp-content\\\/uploads\\\/2021\\\/09\\\/Front_neu-scaled.jpg?fit=2560%2C901&ssl=1\",\"contentUrl\":\"https:\\\/\\\/i0.wp.com\\\/sportlieferanten.de\\\/wordpress\\\/wp-content\\\/uploads\\\/2021\\\/09\\\/Front_neu-scaled.jpg?fit=2560%2C901&ssl=1\",\"width\":2560,\"height\":901,\"caption\":\"Studio\"},{\"@type\":\"BreadcrumbList\",\"@id\":\"https:\\\/\\\/sportlieferanten.de\\\/wordpress\\\/dein-studio\\\/#breadcrumb\",\"itemListElement\":[{\"@type\":\"ListItem\",\"position\":1,\"name\":\"Startseite\",\"item\":\"https:\\\/\\\/sportlieferanten.de\\\/wordpress\\\/\"},{\"@type\":\"ListItem\",\"position\":2,\"name\":\"Studio\"}]},{\"@type\":\"WebSite\",\"@id\":\"https:\\\/\\\/sportlieferanten.de\\\/wordpress\\\/#website\",\"url\":\"https:\\\/\\\/sportlieferanten.de\\\/wordpress\\\/\",\"name\":\"die Sportlieferanten\",\"description\":\"Sport Fitness Kurse Reha\",\"publisher\":{\"@id\":\"https:\\\/\\\/sportlieferanten.de\\\/wordpress\\\/#organization\"},\"potentialAction\":[{\"@type\":\"SearchAction\",\"target\":{\"@type\":\"EntryPoint\",\"urlTemplate\":\"https:\\\/\\\/sportlieferanten.de\\\/wordpress\\\/?s={search_term_string}\"},\"query-input\":{\"@type\":\"PropertyValueSpecification\",\"valueRequired\":true,\"valueName\":\"search_term_string\"}}],\"inLanguage\":\"de\"},{\"@type\":\"Organization\",\"@id\":\"https:\\\/\\\/sportlieferanten.de\\\/wordpress\\\/#organization\",\"name\":\"Kurs- und Fitnessstudio tranSport Ladbergen\",\"url\":\"https:\\\/\\\/sportlieferanten.de\\\/wordpress\\\/\",\"logo\":{\"@type\":\"ImageObject\",\"inLanguage\":\"de\",\"@id\":\"https:\\\/\\\/sportlieferanten.de\\\/wordpress\\\/#\\\/schema\\\/logo\\\/image\\\/\",\"url\":\"https:\\\/\\\/i0.wp.com\\\/sportlieferanten.de\\\/wordpress\\\/wp-content\\\/uploads\\\/2021\\\/02\\\/cropped-logoschwarz-4.jpg?fit=590%2C248&ssl=1\",\"contentUrl\":\"https:\\\/\\\/i0.wp.com\\\/sportlieferanten.de\\\/wordpress\\\/wp-content\\\/uploads\\\/2021\\\/02\\\/cropped-logoschwarz-4.jpg?fit=590%2C248&ssl=1\",\"width\":590,\"height\":248,\"caption\":\"Kurs- und Fitnessstudio tranSport Ladbergen\"},\"image\":{\"@id\":\"https:\\\/\\\/sportlieferanten.de\\\/wordpress\\\/#\\\/schema\\\/logo\\\/image\\\/\"}}]}<\/script>\n<!-- \/ Yoast SEO plugin. -->","yoast_head_json":{"title":"die Sportlieferanten Studio -","description":"Willkommen bei tranSport in Ladbergen. Wir haben ein breites Angebot an Kursen und sind immer f\u00fcr Euch da. Auch Reha-Sport bieten wir an.","robots":{"index":"index","follow":"follow","max-snippet":"max-snippet:-1","max-image-preview":"max-image-preview:large","max-video-preview":"max-video-preview:-1"},"canonical":"https:\/\/sportlieferanten.de\/wordpress\/dein-studio\/","og_locale":"de_DE","og_type":"article","og_title":"die Sportlieferanten Studio -","og_description":"Willkommen bei tranSport in Ladbergen. Wir haben ein breites Angebot an Kursen und sind immer f\u00fcr Euch da. Auch Reha-Sport bieten wir an.","og_url":"https:\/\/sportlieferanten.de\/wordpress\/dein-studio\/","og_site_name":"die Sportlieferanten","article_modified_time":"2026-03-21T15:59:09+00:00","og_image":[{"url":"https:\/\/sportlieferanten.de\/wordpress\/wp-content\/uploads\/2021\/09\/Front_neu-1024x360.jpg","type":"","width":"","height":""}],"twitter_card":"summary_large_image","twitter_misc":{"Gesch\u00e4tzte Lesezeit":"3\u00a0Minuten"},"schema":{"@context":"https:\/\/schema.org","@graph":[{"@type":"WebPage","@id":"https:\/\/sportlieferanten.de\/wordpress\/dein-studio\/","url":"https:\/\/sportlieferanten.de\/wordpress\/dein-studio\/","name":"die Sportlieferanten Studio -","isPartOf":{"@id":"https:\/\/sportlieferanten.de\/wordpress\/#website"},"primaryImageOfPage":{"@id":"https:\/\/sportlieferanten.de\/wordpress\/dein-studio\/#primaryimage"},"image":{"@id":"https:\/\/sportlieferanten.de\/wordpress\/dein-studio\/#primaryimage"},"thumbnailUrl":"https:\/\/sportlieferanten.de\/wordpress\/wp-content\/uploads\/2021\/09\/Front_neu-1024x360.jpg","datePublished":"2021-02-24T19:21:48+00:00","dateModified":"2026-03-21T15:59:09+00:00","description":"Willkommen bei tranSport in Ladbergen. Wir haben ein breites Angebot an Kursen und sind immer f\u00fcr Euch da. Auch Reha-Sport bieten wir an.","breadcrumb":{"@id":"https:\/\/sportlieferanten.de\/wordpress\/dein-studio\/#breadcrumb"},"inLanguage":"de","potentialAction":[{"@type":"ReadAction","target":["https:\/\/sportlieferanten.de\/wordpress\/dein-studio\/"]}]},{"@type":"ImageObject","inLanguage":"de","@id":"https:\/\/sportlieferanten.de\/wordpress\/dein-studio\/#primaryimage","url":"https:\/\/i0.wp.com\/sportlieferanten.de\/wordpress\/wp-content\/uploads\/2021\/09\/Front_neu-scaled.jpg?fit=2560%2C901&ssl=1","contentUrl":"https:\/\/i0.wp.com\/sportlieferanten.de\/wordpress\/wp-content\/uploads\/2021\/09\/Front_neu-scaled.jpg?fit=2560%2C901&ssl=1","width":2560,"height":901,"caption":"Studio"},{"@type":"BreadcrumbList","@id":"https:\/\/sportlieferanten.de\/wordpress\/dein-studio\/#breadcrumb","itemListElement":[{"@type":"ListItem","position":1,"name":"Startseite","item":"https:\/\/sportlieferanten.de\/wordpress\/"},{"@type":"ListItem","position":2,"name":"Studio"}]},{"@type":"WebSite","@id":"https:\/\/sportlieferanten.de\/wordpress\/#website","url":"https:\/\/sportlieferanten.de\/wordpress\/","name":"die Sportlieferanten","description":"Sport Fitness Kurse Reha","publisher":{"@id":"https:\/\/sportlieferanten.de\/wordpress\/#organization"},"potentialAction":[{"@type":"SearchAction","target":{"@type":"EntryPoint","urlTemplate":"https:\/\/sportlieferanten.de\/wordpress\/?s={search_term_string}"},"query-input":{"@type":"PropertyValueSpecification","valueRequired":true,"valueName":"search_term_string"}}],"inLanguage":"de"},{"@type":"Organization","@id":"https:\/\/sportlieferanten.de\/wordpress\/#organization","name":"Kurs- und Fitnessstudio tranSport Ladbergen","url":"https:\/\/sportlieferanten.de\/wordpress\/","logo":{"@type":"ImageObject","inLanguage":"de","@id":"https:\/\/sportlieferanten.de\/wordpress\/#\/schema\/logo\/image\/","url":"https:\/\/i0.wp.com\/sportlieferanten.de\/wordpress\/wp-content\/uploads\/2021\/02\/cropped-logoschwarz-4.jpg?fit=590%2C248&ssl=1","contentUrl":"https:\/\/i0.wp.com\/sportlieferanten.de\/wordpress\/wp-content\/uploads\/2021\/02\/cropped-logoschwarz-4.jpg?fit=590%2C248&ssl=1","width":590,"height":248,"caption":"Kurs- und Fitnessstudio tranSport Ladbergen"},"image":{"@id":"https:\/\/sportlieferanten.de\/wordpress\/#\/schema\/logo\/image\/"}}]}},"_links":{"self":[{"href":"https:\/\/sportlieferanten.de\/wordpress\/wp-json\/wp\/v2\/pages\/205","targetHints":{"allow":["GET"]}}],"collection":[{"href":"https:\/\/sportlieferanten.de\/wordpress\/wp-json\/wp\/v2\/pages"}],"about":[{"href":"https:\/\/sportlieferanten.de\/wordpress\/wp-json\/wp\/v2\/types\/page"}],"author":[{"embeddable":true,"href":"https:\/\/sportlieferanten.de\/wordpress\/wp-json\/wp\/v2\/users\/1"}],"replies":[{"embeddable":true,"href":"https:\/\/sportlieferanten.de\/wordpress\/wp-json\/wp\/v2\/comments?post=205"}],"version-history":[{"count":112,"href":"https:\/\/sportlieferanten.de\/wordpress\/wp-json\/wp\/v2\/pages\/205\/revisions"}],"predecessor-version":[{"id":4879,"href":"https:\/\/sportlieferanten.de\/wordpress\/wp-json\/wp\/v2\/pages\/205\/revisions\/4879"}],"wp:attachment":[{"href":"https:\/\/sportlieferanten.de\/wordpress\/wp-json\/wp\/v2\/media?parent=205"}],"curies":[{"name":"wp","href":"https:\/\/api.w.org\/{rel}","templated":true}]}}